{"id":1472,"date":"2024-10-09T15:58:02","date_gmt":"2024-10-09T15:58:02","guid":{"rendered":"https:\/\/www.voden.fr\/?page_id=1472"},"modified":"2025-12-16T10:37:29","modified_gmt":"2025-12-16T10:37:29","slug":"https-www-voden-fr-spectacles","status":"publish","type":"page","link":"https:\/\/www.voden.fr\/en\/https-www-voden-fr-spectacles\/","title":{"rendered":"Spectacles"},"content":{"rendered":"<div data-elementor-type=\"wp-page\" data-elementor-id=\"1472\" class=\"elementor elementor-1472\">\n\t\t\t\t\t\t<section class=\"elementor-section elementor-top-section elementor-element elementor-element-3ce01e4 elementor-section-boxed elementor-section-height-default elementor-section-height-default\" data-id=\"3ce01e4\" data-element_type=\"section\" data-e-type=\"section\">\n\t\t\t\t\t\t<div class=\"elementor-container elementor-column-gap-default\">\n\t\t\t\t\t<div class=\"elementor-column elementor-col-100 elementor-top-column elementor-element elementor-element-399750d\" data-id=\"399750d\" data-element_type=\"column\" data-e-type=\"column\">\n\t\t\t<div class=\"elementor-widget-wrap elementor-element-populated\">\n\t\t\t\t\t\t<div class=\"elementor-element elementor-element-8fad0d3 elementor-widget elementor-widget-heading\" data-id=\"8fad0d3\" data-element_type=\"widget\" data-e-type=\"widget\" data-widget_type=\"heading.default\">\n\t\t\t\t<div class=\"elementor-widget-container\">\n\t\t\t\t\t<h2 class=\"elementor-heading-title elementor-size-default\">V\u00f3den has two shows on offer: <\/h2>\t\t\t\t<\/div>\n\t\t\t\t<\/div>\n\t\t\t\t\t<\/div>\n\t\t<\/div>\n\t\t\t\t\t<\/div>\n\t\t<\/section>\n\t\t\t\t<section class=\"elementor-section elementor-top-section elementor-element elementor-element-964b65a elementor-section-boxed elementor-section-height-default elementor-section-height-default\" data-id=\"964b65a\" data-element_type=\"section\" data-e-type=\"section\">\n\t\t\t\t\t\t<div class=\"elementor-container elementor-column-gap-default\">\n\t\t\t\t\t<div class=\"elementor-column elementor-col-50 elementor-top-column elementor-element elementor-element-a70b7f7\" data-id=\"a70b7f7\" data-element_type=\"column\" data-e-type=\"column\">\n\t\t\t<div class=\"elementor-widget-wrap elementor-element-populated\">\n\t\t\t\t\t\t<div class=\"elementor-element elementor-element-6ca1439 elementor-widget elementor-widget-image\" data-id=\"6ca1439\" data-element_type=\"widget\" data-e-type=\"widget\" data-widget_type=\"image.default\">\n\t\t\t\t<div class=\"elementor-widget-container\">\n\t\t\t\t\t\t\t\t\t\t\t\t\t\t\t\t<a href=\"https:\/\/www.voden.fr\/en\/https-www-voden-fr-polskanitsa\/\">\n\t\t\t\t\t\t\t<img fetchpriority=\"high\" decoding=\"async\" width=\"1024\" height=\"684\" src=\"https:\/\/www.voden.fr\/wp-content\/uploads\/2024\/10\/Artyzarno-02-haute-def-1024x684.jpg\" class=\"attachment-large size-large wp-image-1274\" alt=\"V\u00f3den en concert Polskanitsa 2024 \u00a9 Artyzarno\" srcset=\"https:\/\/www.voden.fr\/wp-content\/uploads\/2024\/10\/Artyzarno-02-haute-def-1024x684.jpg 1024w, https:\/\/www.voden.fr\/wp-content\/uploads\/2024\/10\/Artyzarno-02-haute-def-300x200.jpg 300w, https:\/\/www.voden.fr\/wp-content\/uploads\/2024\/10\/Artyzarno-02-haute-def-768x513.jpg 768w, https:\/\/www.voden.fr\/wp-content\/uploads\/2024\/10\/Artyzarno-02-haute-def-1536x1026.jpg 1536w, https:\/\/www.voden.fr\/wp-content\/uploads\/2024\/10\/Artyzarno-02-haute-def-2048x1368.jpg 2048w, https:\/\/www.voden.fr\/wp-content\/uploads\/2024\/10\/Artyzarno-02-haute-def-18x12.jpg 18w, https:\/\/www.voden.fr\/wp-content\/uploads\/2024\/10\/Artyzarno-02-haute-def-930x620.jpg 930w\" sizes=\"(max-width: 1024px) 100vw, 1024px\" \/>\t\t\t\t\t\t\t\t<\/a>\n\t\t\t\t\t\t\t\t\t\t\t\t\t\t\t<\/div>\n\t\t\t\t<\/div>\n\t\t\t\t<div class=\"elementor-element elementor-element-d2d90a7 elementor-widget elementor-widget-heading\" data-id=\"d2d90a7\" data-element_type=\"widget\" data-e-type=\"widget\" data-widget_type=\"heading.default\">\n\t\t\t\t<div class=\"elementor-widget-container\">\n\t\t\t\t\t<h2 class=\"elementor-heading-title elementor-size-default\"><a href=\"https:\/\/www.voden.fr\/en\/https-www-voden-fr-polskanitsa\/\">Polskanitsa<\/a><\/h2>\t\t\t\t<\/div>\n\t\t\t\t<\/div>\n\t\t\t\t\t<\/div>\n\t\t<\/div>\n\t\t\t\t<div class=\"elementor-column elementor-col-50 elementor-top-column elementor-element elementor-element-7342fae\" data-id=\"7342fae\" data-element_type=\"column\" data-e-type=\"column\">\n\t\t\t<div class=\"elementor-widget-wrap elementor-element-populated\">\n\t\t\t\t\t\t<div class=\"elementor-element elementor-element-199e18f elementor-widget elementor-widget-image\" data-id=\"199e18f\" data-element_type=\"widget\" data-e-type=\"widget\" data-widget_type=\"image.default\">\n\t\t\t\t<div class=\"elementor-widget-container\">\n\t\t\t\t\t\t\t\t\t\t\t\t\t\t\t\t<a href=\"https:\/\/www.voden.fr\/en\/https-www-voden-fr-peripherie\/\">\n\t\t\t\t\t\t\t<img decoding=\"async\" width=\"1024\" height=\"683\" src=\"https:\/\/www.voden.fr\/wp-content\/uploads\/2024\/10\/DSCF1093-1024x683.jpg\" class=\"attachment-large size-large wp-image-1258\" alt=\"V\u00f3den cr\u00e9ation P\u00e9riph\u00e9rie 2024 \u00a9 Nicolas Escoubeyrou\" srcset=\"https:\/\/www.voden.fr\/wp-content\/uploads\/2024\/10\/DSCF1093-1024x683.jpg 1024w, https:\/\/www.voden.fr\/wp-content\/uploads\/2024\/10\/DSCF1093-300x200.jpg 300w, https:\/\/www.voden.fr\/wp-content\/uploads\/2024\/10\/DSCF1093-768x512.jpg 768w, https:\/\/www.voden.fr\/wp-content\/uploads\/2024\/10\/DSCF1093-18x12.jpg 18w, https:\/\/www.voden.fr\/wp-content\/uploads\/2024\/10\/DSCF1093-930x620.jpg 930w, https:\/\/www.voden.fr\/wp-content\/uploads\/2024\/10\/DSCF1093.jpg 1200w\" sizes=\"(max-width: 1024px) 100vw, 1024px\" \/>\t\t\t\t\t\t\t\t<\/a>\n\t\t\t\t\t\t\t\t\t\t\t\t\t\t\t<\/div>\n\t\t\t\t<\/div>\n\t\t\t\t<div class=\"elementor-element elementor-element-9443f80 elementor-widget elementor-widget-heading\" data-id=\"9443f80\" data-element_type=\"widget\" data-e-type=\"widget\" data-widget_type=\"heading.default\">\n\t\t\t\t<div class=\"elementor-widget-container\">\n\t\t\t\t\t<h2 class=\"elementor-heading-title elementor-size-default\"><a href=\"https:\/\/www.voden.fr\/en\/https-www-voden-fr-peripherie\/\">P\u00e9riph\u00e9rie<\/a><\/h2>\t\t\t\t<\/div>\n\t\t\t\t<\/div>\n\t\t\t\t\t<\/div>\n\t\t<\/div>\n\t\t\t\t\t<\/div>\n\t\t<\/section>\n\t\t\t\t<section class=\"elementor-section elementor-top-section elementor-element elementor-element-7bf3578 elementor-section-boxed elementor-section-height-default elementor-section-height-default\" data-id=\"7bf3578\" data-element_type=\"section\" data-e-type=\"section\">\n\t\t\t\t\t\t<div class=\"elementor-container elementor-column-gap-default\">\n\t\t\t\t\t<div class=\"elementor-column elementor-col-100 elementor-top-column elementor-element elementor-element-4d5c0ae\" data-id=\"4d5c0ae\" data-element_type=\"column\" data-e-type=\"column\">\n\t\t\t<div class=\"elementor-widget-wrap elementor-element-populated\">\n\t\t\t\t\t\t<div class=\"elementor-element elementor-element-483643e elementor-widget elementor-widget-text-editor\" data-id=\"483643e\" data-element_type=\"widget\" data-e-type=\"widget\" data-widget_type=\"text-editor.default\">\n\t\t\t\t<div class=\"elementor-widget-container\">\n\t\t\t\t\t\t\t\t\t<p>Photos \u00a9 Artyzarno \/ Nicolas Escoubeyrou<\/p>\t\t\t\t\t\t\t\t<\/div>\n\t\t\t\t<\/div>\n\t\t\t\t\t<\/div>\n\t\t<\/div>\n\t\t\t\t\t<\/div>\n\t\t<\/section>\n\t\t\t\t<section class=\"elementor-section elementor-top-section elementor-element elementor-element-662e49e elementor-section-boxed elementor-section-height-default elementor-section-height-default\" data-id=\"662e49e\" data-element_type=\"section\" data-e-type=\"section\">\n\t\t\t\t\t\t<div class=\"elementor-container elementor-column-gap-default\">\n\t\t\t\t\t<div class=\"elementor-column elementor-col-100 elementor-top-column elementor-element elementor-element-3c2b32c\" data-id=\"3c2b32c\" data-element_type=\"column\" data-e-type=\"column\">\n\t\t\t<div class=\"elementor-widget-wrap elementor-element-populated\">\n\t\t\t\t\t\t<div class=\"elementor-element elementor-element-72e0dae elementor-shape-circle elementor-grid-0 e-grid-align-center elementor-widget elementor-widget-social-icons\" data-id=\"72e0dae\" data-element_type=\"widget\" data-e-type=\"widget\" data-widget_type=\"social-icons.default\">\n\t\t\t\t<div class=\"elementor-widget-container\">\n\t\t\t\t\t\t\t<div class=\"elementor-social-icons-wrapper elementor-grid\" role=\"list\">\n\t\t\t\t\t\t\t<span class=\"elementor-grid-item\" role=\"listitem\">\n\t\t\t\t\t<a class=\"elementor-icon elementor-social-icon elementor-social-icon-facebook elementor-repeater-item-e4a99a1\" href=\"https:\/\/www.facebook.com\/vodenduo\/\" target=\"_blank\" rel=\"noopener\">\n\t\t\t\t\t\t<span class=\"elementor-screen-only\">Facebook<\/span>\n\t\t\t\t\t\t<i aria-hidden=\"true\" class=\"fab fa-facebook\"><\/i>\t\t\t\t\t<\/a>\n\t\t\t\t<\/span>\n\t\t\t\t\t\t\t<span class=\"elementor-grid-item\" role=\"listitem\">\n\t\t\t\t\t<a class=\"elementor-icon elementor-social-icon elementor-social-icon-youtube elementor-repeater-item-d2df464\" href=\"https:\/\/www.youtube.com\/channel\/UCdPR4f5mJBw0MoiUxuOhG6Q\" target=\"_blank\" rel=\"noopener\">\n\t\t\t\t\t\t<span class=\"elementor-screen-only\">Youtube<\/span>\n\t\t\t\t\t\t<i aria-hidden=\"true\" class=\"fab fa-youtube\"><\/i>\t\t\t\t\t<\/a>\n\t\t\t\t<\/span>\n\t\t\t\t\t\t\t<span class=\"elementor-grid-item\" role=\"listitem\">\n\t\t\t\t\t<a class=\"elementor-icon elementor-social-icon elementor-social-icon-soundcloud elementor-repeater-item-39a3de9\" href=\"https:\/\/soundcloud.com\/vodenduo\" target=\"_blank\" rel=\"noopener\">\n\t\t\t\t\t\t<span class=\"elementor-screen-only\">Soundcloud<\/span>\n\t\t\t\t\t\t<i aria-hidden=\"true\" class=\"fab fa-soundcloud\"><\/i>\t\t\t\t\t<\/a>\n\t\t\t\t<\/span>\n\t\t\t\t\t\t\t<span class=\"elementor-grid-item\" role=\"listitem\">\n\t\t\t\t\t<a class=\"elementor-icon elementor-social-icon elementor-social-icon-instagram elementor-repeater-item-25ac1af\" href=\"https:\/\/www.instagram.com\/vodenduo\" target=\"_blank\" rel=\"noopener\">\n\t\t\t\t\t\t<span class=\"elementor-screen-only\">Instagram<\/span>\n\t\t\t\t\t\t<i aria-hidden=\"true\" class=\"fab fa-instagram\"><\/i>\t\t\t\t\t<\/a>\n\t\t\t\t<\/span>\n\t\t\t\t\t\t\t<span class=\"elementor-grid-item\" role=\"listitem\">\n\t\t\t\t\t<a class=\"elementor-icon elementor-social-icon elementor-social-icon-bandcamp elementor-repeater-item-297932d\" href=\"https:\/\/vodenduo.bandcamp.com\/album\/polskanitsa\" target=\"_blank\" rel=\"noopener\">\n\t\t\t\t\t\t<span class=\"elementor-screen-only\">Bandcamp<\/span>\n\t\t\t\t\t\t<i aria-hidden=\"true\" class=\"fab fa-bandcamp\"><\/i>\t\t\t\t\t<\/a>\n\t\t\t\t<\/span>\n\t\t\t\t\t<\/div>\n\t\t\t\t\t\t<\/div>\n\t\t\t\t<\/div>\n\t\t\t\t\t<\/div>\n\t\t<\/div>\n\t\t\t\t\t<\/div>\n\t\t<\/section>\n\t\t\t\t<\/div>","protected":false},"excerpt":{"rendered":"<p>V\u00f3den propose deux spectacles : Polskanitsa P\u00e9riph\u00e9rie Photos \u00a9 Artyzarno \/ Nicolas Escoubeyrou Facebook Youtube Soundcloud Instagram Bandcamp<\/p>","protected":false},"author":1,"featured_media":0,"parent":0,"menu_order":0,"comment_status":"closed","ping_status":"closed","template":"page-templates\/template-pagebuilder-full-width.php","meta":{"neve_meta_sidebar":"","neve_meta_container":"","neve_meta_enable_content_width":"","neve_meta_content_width":0,"neve_meta_title_alignment":"","neve_meta_author_avatar":"","neve_post_elements_order":"","neve_meta_disable_header":"","neve_meta_disable_footer":"","neve_meta_disable_title":"","footnotes":""},"class_list":["post-1472","page","type-page","status-publish","hentry"],"_links":{"self":[{"href":"https:\/\/www.voden.fr\/en\/wp-json\/wp\/v2\/pages\/1472","targetHints":{"allow":["GET"]}}],"collection":[{"href":"https:\/\/www.voden.fr\/en\/wp-json\/wp\/v2\/pages"}],"about":[{"href":"https:\/\/www.voden.fr\/en\/wp-json\/wp\/v2\/types\/page"}],"author":[{"embeddable":true,"href":"https:\/\/www.voden.fr\/en\/wp-json\/wp\/v2\/users\/1"}],"replies":[{"embeddable":true,"href":"https:\/\/www.voden.fr\/en\/wp-json\/wp\/v2\/comments?post=1472"}],"version-history":[{"count":38,"href":"https:\/\/www.voden.fr\/en\/wp-json\/wp\/v2\/pages\/1472\/revisions"}],"predecessor-version":[{"id":1725,"href":"https:\/\/www.voden.fr\/en\/wp-json\/wp\/v2\/pages\/1472\/revisions\/1725"}],"wp:attachment":[{"href":"https:\/\/www.voden.fr\/en\/wp-json\/wp\/v2\/media?parent=1472"}],"curies":[{"name":"wp","href":"https:\/\/api.w.org\/{rel}","templated":true}]}}