{"id":15,"date":"2021-05-25T14:44:14","date_gmt":"2021-05-25T14:44:14","guid":{"rendered":"http:\/\/voden.fr\/?page_id=15"},"modified":"2025-12-16T10:39:35","modified_gmt":"2025-12-16T10:39:35","slug":"album-voden","status":"publish","type":"page","link":"https:\/\/www.voden.fr\/en\/album-voden\/","title":{"rendered":"Album"},"content":{"rendered":"\t\t<div data-elementor-type=\"wp-page\" data-elementor-id=\"15\" class=\"elementor elementor-15\">\n\t\t\t\t\t\t<section class=\"elementor-section elementor-top-section elementor-element elementor-element-6ae059c elementor-section-boxed elementor-section-height-default elementor-section-height-default\" data-id=\"6ae059c\" data-element_type=\"section\" data-e-type=\"section\">\n\t\t\t\t\t\t<div class=\"elementor-container elementor-column-gap-custom\">\n\t\t\t\t\t<div class=\"elementor-column elementor-col-50 elementor-top-column elementor-element elementor-element-b1bd027\" data-id=\"b1bd027\" data-element_type=\"column\" data-e-type=\"column\">\n\t\t\t<div class=\"elementor-widget-wrap elementor-element-populated\">\n\t\t\t\t\t\t<div class=\"elementor-element elementor-element-6c2109d elementor-widget__width-initial elementor-widget elementor-widget-image\" data-id=\"6c2109d\" data-element_type=\"widget\" data-e-type=\"widget\" data-widget_type=\"image.default\">\n\t\t\t\t<div class=\"elementor-widget-container\">\n\t\t\t\t\t\t\t\t\t\t\t\t\t\t\t\t<a href=\"https:\/\/www.voden.fr\/wp-content\/uploads\/2021\/08\/CD_recto.jpg\" data-elementor-open-lightbox=\"yes\" data-elementor-lightbox-title=\"V\u00f3den-Polskanitsa 2021\" data-elementor-lightbox-description=\"V\u00f3den - Album Polskanitsa 2021\" data-e-action-hash=\"#elementor-action%3Aaction%3Dlightbox%26settings%3DeyJpZCI6NTQyLCJ1cmwiOiJodHRwczpcL1wvd3d3LnZvZGVuLmZyXC93cC1jb250ZW50XC91cGxvYWRzXC8yMDIxXC8wOFwvQ0RfcmVjdG8uanBnIn0%3D\">\n\t\t\t\t\t\t\t<img fetchpriority=\"high\" decoding=\"async\" width=\"1648\" height=\"1477\" src=\"https:\/\/www.voden.fr\/wp-content\/uploads\/2021\/08\/CD_recto.jpg\" class=\"attachment-full size-full wp-image-542\" alt=\"V\u00f3den. David S\u00e9v\u00e9rac. Marguerite Lersteau. Musiques de Scandinavie et des Balkans. Nyckelharpa, vielle \u00e0 roue, chant, kaval. V\u00f3den - Album Polskanitsa 2021\" srcset=\"https:\/\/www.voden.fr\/wp-content\/uploads\/2021\/08\/CD_recto.jpg 1648w, https:\/\/www.voden.fr\/wp-content\/uploads\/2021\/08\/CD_recto-300x269.jpg 300w, https:\/\/www.voden.fr\/wp-content\/uploads\/2021\/08\/CD_recto-1024x918.jpg 1024w, https:\/\/www.voden.fr\/wp-content\/uploads\/2021\/08\/CD_recto-768x688.jpg 768w, https:\/\/www.voden.fr\/wp-content\/uploads\/2021\/08\/CD_recto-1536x1377.jpg 1536w\" sizes=\"(max-width: 1648px) 100vw, 1648px\" \/>\t\t\t\t\t\t\t\t<\/a>\n\t\t\t\t\t\t\t\t\t\t\t\t\t\t\t<\/div>\n\t\t\t\t<\/div>\n\t\t\t\t<div class=\"elementor-element elementor-element-2412664 elementor-widget__width-initial elementor-widget elementor-widget-html\" data-id=\"2412664\" data-element_type=\"widget\" data-e-type=\"widget\" data-widget_type=\"html.default\">\n\t\t\t\t<div class=\"elementor-widget-container\">\n\t\t\t\t\t<iframe width=\"100%\" height=\"300\" scrolling=\"no\" frameborder=\"no\" allow=\"autoplay\" src=\"https:\/\/w.soundcloud.com\/player\/?url=https%3A\/\/api.soundcloud.com\/playlists\/1295545399&color=%23ff5500&auto_play=false&hide_related=false&show_comments=true&show_user=true&show_reposts=false&show_teaser=true&visual=true\"><\/iframe><div style=\"font-size: 10px; color: #cccccc;line-break: anywhere;word-break: normal;overflow: hidden;white-space: nowrap;text-overflow: ellipsis; font-family: Interstate,Lucida Grande,Lucida Sans Unicode,Lucida Sans,Garuda,Verdana,Tahoma,sans-serif;font-weight: 100;\"><a href=\"https:\/\/soundcloud.com\/vodenduo\" title=\"V\u00f3den\" target=\"_blank\" style=\"color: #cccccc; text-decoration: none;\" rel=\"noopener\">V\u00f3den<\/a> \u00b7 <a href=\"https:\/\/soundcloud.com\/vodenduo\/sets\/polskanitsa\" title=\"Polskanitsa\" target=\"_blank\" style=\"color: #cccccc; text-decoration: none;\" rel=\"noopener\">Polskanitsa<\/a><\/div>\t\t\t\t<\/div>\n\t\t\t\t<\/div>\n\t\t\t\t\t<\/div>\n\t\t<\/div>\n\t\t\t\t<div class=\"elementor-column elementor-col-50 elementor-top-column elementor-element elementor-element-ef13bfd\" data-id=\"ef13bfd\" data-element_type=\"column\" data-e-type=\"column\">\n\t\t\t<div class=\"elementor-widget-wrap elementor-element-populated\">\n\t\t\t\t\t\t<div class=\"elementor-element elementor-element-b35059d elementor-widget elementor-widget-heading\" data-id=\"b35059d\" data-element_type=\"widget\" data-e-type=\"widget\" data-widget_type=\"heading.default\">\n\t\t\t\t<div class=\"elementor-widget-container\">\n\t\t\t\t\t<h1 class=\"elementor-heading-title elementor-size-default\">Polskanitsa  (2021)<\/h1>\t\t\t\t<\/div>\n\t\t\t\t<\/div>\n\t\t\t\t<div class=\"elementor-element elementor-element-754d775 elementor-widget elementor-widget-text-editor\" data-id=\"754d775\" data-element_type=\"widget\" data-e-type=\"widget\" data-widget_type=\"text-editor.default\">\n\t\t\t\t<div class=\"elementor-widget-container\">\n\t\t\t\t\t\t\t\t\t<p>15,00\u20ac + frais d\u2019envoi<\/p>\t\t\t\t\t\t\t\t<\/div>\n\t\t\t\t<\/div>\n\t\t\t\t<div class=\"elementor-element elementor-element-b37eedc elementor-widget elementor-widget-text-editor\" data-id=\"b37eedc\" data-element_type=\"widget\" data-e-type=\"widget\" data-widget_type=\"text-editor.default\">\n\t\t\t\t<div class=\"elementor-widget-container\">\n\t\t\t\t\t\t\t\t\t<p>Pour un paiement par ch\u00e8que, envoyez-nous un mail \u00e0 <a href=\"mailto:voden@sublimebazar.com\">voden[at]sublimebazar.com<\/a> en nous indiquant vos nom, pr\u00e9nom, adresse postale et le nombre d\u2019albums souhait\u00e9s. Nous vous indiquerons la marche \u00e0 suivre afin de nous r\u00e9gler.<\/p><p>Disponible en version physique et num\u00e9rique sur\u00a0 <a href=\"https:\/\/vodenduo.bandcamp.com\/album\/polskanitsa\" target=\"_blank\" rel=\"noopener\">Bandcamp<\/a> et chez <a href=\"https:\/\/www.phonolithe.fr\/recherche?controller=search&amp;s=voden\" target=\"_blank\" rel=\"noopener\">Phonolithe<\/a>.<\/p>\t\t\t\t\t\t\t\t<\/div>\n\t\t\t\t<\/div>\n\t\t\t\t<div class=\"elementor-element elementor-element-dfc7bb5 elementor-widget elementor-widget-text-editor\" data-id=\"dfc7bb5\" data-element_type=\"widget\" data-e-type=\"widget\" data-widget_type=\"text-editor.default\">\n\t\t\t\t<div class=\"elementor-widget-container\">\n\t\t\t\t\t\t\t\t\t<p>12 Titres<\/p><p>Marguerite Lersteau: Nyckelharpas, Chant, Klasik Kemen\u00e7e turc, Fl\u00fbte harmonique<\/p><p>David S\u00e9v\u00e9rac: Vielle \u00e0 roue alto, kavals bulgare et anatolien, Tympanon, Daf, Choeur<\/p><p>Production: Sublime Bazar<\/p><p>Prise de son et mixage: David S\u00e9v\u00e9rac<\/p><p>Mastering: Rapha\u00ebl Jonin- Studio J Raph i.n.g<\/p><p>Graphisme: J\u00e9r\u00f4me Nouvion<\/p>\t\t\t\t\t\t\t\t<\/div>\n\t\t\t\t<\/div>\n\t\t\t\t<div class=\"elementor-element elementor-element-770089a elementor-shape-circle elementor-grid-0 e-grid-align-center elementor-widget elementor-widget-social-icons\" data-id=\"770089a\" data-element_type=\"widget\" data-e-type=\"widget\" data-widget_type=\"social-icons.default\">\n\t\t\t\t<div class=\"elementor-widget-container\">\n\t\t\t\t\t\t\t<div class=\"elementor-social-icons-wrapper elementor-grid\" role=\"list\">\n\t\t\t\t\t\t\t<span class=\"elementor-grid-item\" role=\"listitem\">\n\t\t\t\t\t<a class=\"elementor-icon elementor-social-icon elementor-social-icon-facebook elementor-repeater-item-82ef59a\" href=\"https:\/\/www.facebook.com\/vodenduo\/\" target=\"_blank\" rel=\"noopener\">\n\t\t\t\t\t\t<span class=\"elementor-screen-only\">Facebook<\/span>\n\t\t\t\t\t\t<i aria-hidden=\"true\" class=\"fab fa-facebook\"><\/i>\t\t\t\t\t<\/a>\n\t\t\t\t<\/span>\n\t\t\t\t\t\t\t<span class=\"elementor-grid-item\" role=\"listitem\">\n\t\t\t\t\t<a class=\"elementor-icon elementor-social-icon elementor-social-icon-youtube elementor-repeater-item-70970e9\" href=\"https:\/\/www.youtube.com\/channel\/UCdPR4f5mJBw0MoiUxuOhG6Q\" target=\"_blank\" rel=\"noopener\">\n\t\t\t\t\t\t<span class=\"elementor-screen-only\">Youtube<\/span>\n\t\t\t\t\t\t<i aria-hidden=\"true\" class=\"fab fa-youtube\"><\/i>\t\t\t\t\t<\/a>\n\t\t\t\t<\/span>\n\t\t\t\t\t\t\t<span class=\"elementor-grid-item\" role=\"listitem\">\n\t\t\t\t\t<a class=\"elementor-icon elementor-social-icon elementor-social-icon-soundcloud elementor-repeater-item-fe8f8d6\" href=\"https:\/\/soundcloud.com\/vodenduo\" target=\"_blank\" rel=\"noopener\">\n\t\t\t\t\t\t<span class=\"elementor-screen-only\">Soundcloud<\/span>\n\t\t\t\t\t\t<i aria-hidden=\"true\" class=\"fab fa-soundcloud\"><\/i>\t\t\t\t\t<\/a>\n\t\t\t\t<\/span>\n\t\t\t\t\t\t\t<span class=\"elementor-grid-item\" role=\"listitem\">\n\t\t\t\t\t<a class=\"elementor-icon elementor-social-icon elementor-social-icon-instagram elementor-repeater-item-00f8f58\" href=\"https:\/\/www.instagram.com\/vodenduo\" target=\"_blank\" rel=\"noopener\">\n\t\t\t\t\t\t<span class=\"elementor-screen-only\">Instagram<\/span>\n\t\t\t\t\t\t<i aria-hidden=\"true\" class=\"fab fa-instagram\"><\/i>\t\t\t\t\t<\/a>\n\t\t\t\t<\/span>\n\t\t\t\t\t\t\t<span class=\"elementor-grid-item\" role=\"listitem\">\n\t\t\t\t\t<a class=\"elementor-icon elementor-social-icon elementor-social-icon-bandcamp elementor-repeater-item-ad28094\" href=\"https:\/\/vodenduo.bandcamp.com\/album\/polskanitsa\" target=\"_blank\" rel=\"noopener\">\n\t\t\t\t\t\t<span class=\"elementor-screen-only\">Bandcamp<\/span>\n\t\t\t\t\t\t<i aria-hidden=\"true\" class=\"fab fa-bandcamp\"><\/i>\t\t\t\t\t<\/a>\n\t\t\t\t<\/span>\n\t\t\t\t\t<\/div>\n\t\t\t\t\t\t<\/div>\n\t\t\t\t<\/div>\n\t\t\t\t\t<\/div>\n\t\t<\/div>\n\t\t\t\t\t<\/div>\n\t\t<\/section>\n\t\t\t\t<\/div>\n\t\t","protected":false},"excerpt":{"rendered":"<p>V\u00f3den \u00b7 Polskanitsa Polskanitsa (2021) 15,00\u20ac + frais d\u2019envoi Pour un paiement par ch\u00e8que, envoyez-nous un mail \u00e0 voden[at]sublimebazar.com en nous indiquant vos nom, pr\u00e9nom, adresse postale et le nombre d\u2019albums souhait\u00e9s. Nous vous indiquerons la marche \u00e0 suivre afin de nous r\u00e9gler. Disponible en version physique et num\u00e9rique sur\u00a0 Bandcamp et chez Phonolithe. 12&hellip;&nbsp;<a href=\"https:\/\/www.voden.fr\/en\/album-voden\/\" rel=\"bookmark\">Read More &raquo;<span class=\"screen-reader-text\">Album<\/span><\/a><\/p>\n","protected":false},"author":1,"featured_media":0,"parent":0,"menu_order":0,"comment_status":"closed","ping_status":"closed","template":"page-templates\/template-pagebuilder-full-width.php","meta":{"neve_meta_sidebar":"","neve_meta_container":"","neve_meta_enable_content_width":"","neve_meta_content_width":0,"neve_meta_title_alignment":"","neve_meta_author_avatar":"","neve_post_elements_order":"","neve_meta_disable_header":"","neve_meta_disable_footer":"","neve_meta_disable_title":"","footnotes":""},"class_list":["post-15","page","type-page","status-publish","hentry"],"_links":{"self":[{"href":"https:\/\/www.voden.fr\/en\/wp-json\/wp\/v2\/pages\/15","targetHints":{"allow":["GET"]}}],"collection":[{"href":"https:\/\/www.voden.fr\/en\/wp-json\/wp\/v2\/pages"}],"about":[{"href":"https:\/\/www.voden.fr\/en\/wp-json\/wp\/v2\/types\/page"}],"author":[{"embeddable":true,"href":"https:\/\/www.voden.fr\/en\/wp-json\/wp\/v2\/users\/1"}],"replies":[{"embeddable":true,"href":"https:\/\/www.voden.fr\/en\/wp-json\/wp\/v2\/comments?post=15"}],"version-history":[{"count":113,"href":"https:\/\/www.voden.fr\/en\/wp-json\/wp\/v2\/pages\/15\/revisions"}],"predecessor-version":[{"id":1729,"href":"https:\/\/www.voden.fr\/en\/wp-json\/wp\/v2\/pages\/15\/revisions\/1729"}],"wp:attachment":[{"href":"https:\/\/www.voden.fr\/en\/wp-json\/wp\/v2\/media?parent=15"}],"curies":[{"name":"wp","href":"https:\/\/api.w.org\/{rel}","templated":true}]}}