{"id":19,"date":"2021-05-25T14:45:17","date_gmt":"2021-05-25T14:45:17","guid":{"rendered":"http:\/\/voden.fr\/?page_id=19"},"modified":"2026-05-05T09:01:57","modified_gmt":"2026-05-05T09:01:57","slug":"concerts-voden","status":"publish","type":"page","link":"https:\/\/www.voden.fr\/en\/concerts-voden\/","title":{"rendered":"Events"},"content":{"rendered":"<div data-elementor-type=\"wp-page\" data-elementor-id=\"19\" class=\"elementor elementor-19\">\n\t\t\t\t\t\t<section class=\"elementor-section elementor-top-section elementor-element elementor-element-5578ec8 elementor-section-boxed elementor-section-height-default elementor-section-height-default\" data-id=\"5578ec8\" data-element_type=\"section\" data-e-type=\"section\">\n\t\t\t\t\t\t\t<div class=\"elementor-background-overlay\"><\/div>\n\t\t\t\t\t\t\t<div class=\"elementor-container elementor-column-gap-default\">\n\t\t\t\t\t<div class=\"elementor-column elementor-col-100 elementor-top-column elementor-element elementor-element-9fab51a\" data-id=\"9fab51a\" data-element_type=\"column\" data-e-type=\"column\">\n\t\t\t<div class=\"elementor-widget-wrap elementor-element-populated\">\n\t\t\t\t\t\t<div class=\"elementor-element elementor-element-9f99c37 elementor-widget elementor-widget-heading\" data-id=\"9f99c37\" data-element_type=\"widget\" data-e-type=\"widget\" data-widget_type=\"heading.default\">\n\t\t\t\t<div class=\"elementor-widget-container\">\n\t\t\t\t\t<h2 class=\"elementor-heading-title elementor-size-default\">V\u00f3den live in concert<\/h2>\t\t\t\t<\/div>\n\t\t\t\t<\/div>\n\t\t\t\t<section class=\"elementor-section elementor-inner-section elementor-element elementor-element-e04dcd3 elementor-section-boxed elementor-section-height-default elementor-section-height-default\" data-id=\"e04dcd3\" data-element_type=\"section\" data-e-type=\"section\" data-settings=\"{&quot;background_background&quot;:&quot;classic&quot;}\">\n\t\t\t\t\t\t\t<div class=\"elementor-background-overlay\"><\/div>\n\t\t\t\t\t\t\t<div class=\"elementor-container elementor-column-gap-custom\">\n\t\t\t\t\t<div class=\"elementor-column elementor-col-50 elementor-inner-column elementor-element elementor-element-c02d947\" data-id=\"c02d947\" data-element_type=\"column\" data-e-type=\"column\">\n\t\t\t<div class=\"elementor-widget-wrap elementor-element-populated\">\n\t\t\t\t\t\t<div class=\"elementor-element elementor-element-d4dca2d elementor-widget elementor-widget-heading\" data-id=\"d4dca2d\" data-element_type=\"widget\" data-e-type=\"widget\" data-widget_type=\"heading.default\">\n\t\t\t\t<div class=\"elementor-widget-container\">\n\t\t\t\t\t<h2 class=\"elementor-heading-title elementor-size-default\">Agenda 2026<\/h2>\t\t\t\t<\/div>\n\t\t\t\t<\/div>\n\t\t\t\t<div class=\"elementor-element elementor-element-c40fedf elementor-widget elementor-widget-text-editor\" data-id=\"c40fedf\" data-element_type=\"widget\" data-e-type=\"widget\" data-widget_type=\"text-editor.default\">\n\t\t\t\t<div class=\"elementor-widget-container\">\n\t\t\t\t\t\t\t\t\t<p><strong>21 janvier:<\/strong> Show case P\u00e9riph\u00e9rie &#8211; <a href=\"https:\/\/www.bis2026.fr\/\" target=\"_blank\" rel=\"noopener\">les Biennales Internationales du Spectacle<\/a> &#8211; Nantes (44)<\/p><p><strong>6 f\u00e9vrier:<\/strong> 19h &#8211; Concert Polskanitsa &#8211; <a href=\"https:\/\/bibliotheques-rocheauxfees.fr\/index.php\" target=\"_blank\" rel=\"noopener\">M\u00e9diath\u00e8que de Retiers<\/a> (35)<\/p><p><strong>13 f\u00e9vrier:<\/strong> 19h &#8211; Concert Polskanitsa &#8211; <a href=\"https:\/\/mediatheque.ville-coueron.fr\/\" target=\"_blank\" rel=\"noopener\">M\u00e9diath\u00e8que de Cou\u00ebron\u00a0 <\/a>&#8211; Cou\u00ebron (44)<\/p><p><strong>4 avril: <\/strong>Concert Polskanitsa &#8211; <a href=\"https:\/\/www.facebook.com\/people\/M%C3%A9diath%C3%A8que-Guipry-Messac\/100064906681317\/\" target=\"_blank\" rel=\"noopener\">M\u00e9diath\u00e8que de Guipry-Messac<\/a> (35)<\/p><p><strong>26 juillet: <\/strong>18h &#8211; Concert Polskanitsa &#8211; <a href=\"https:\/\/www.jartdin.fr\/index.php\/accueil\" target=\"_blank\" rel=\"noopener\">Le jARTdin<\/a> &#8211; St Michel en Gr\u00e8ve (22)<\/p><p><strong>12 ao\u00fbt: <\/strong>16h et 18h &#8211; Concerts Polskanitsa &#8211; <a href=\"https:\/\/festivalchapellepol.com\/\" target=\"_blank\" rel=\"noopener\">Festival Les Mercredis de la Chapelle Pol<\/a> &#8211; Brignogan (29)<\/p><p><strong>Du 22 au 27 novembre 2026:<\/strong> R\u00e9sidence avec les \u00e9l\u00e8ves de St Ch\u00e9ly d&rsquo;Apcher &#8211; en partenariat avec le<a href=\"https:\/\/cinematheatre.wordpress.com\/education-artistique-et-culturelle\/\" target=\"_blank\" rel=\"noopener\"> Cin\u00e9 Th\u00e9\u00e2tre<\/a> &#8211; St Ch\u00e9ly d&rsquo;Apcher (48)<\/p><p><strong>28 novembre:<\/strong> Concert P\u00e9riph\u00e9rie avec en premi\u00e8re partie la restitution des \u00e9l\u00e8ves de St Ch\u00e9ly D&rsquo;Apcher &#8211; Le <a href=\"https:\/\/cinematheatre.wordpress.com\/education-artistique-et-culturelle\/\" target=\"_blank\" rel=\"noopener\">Cin\u00e9 Th\u00e9\u00e2tre<\/a> &#8211; St Ch\u00e9ly d&rsquo;Apcher (48)<\/p>\t\t\t\t\t\t\t\t<\/div>\n\t\t\t\t<\/div>\n\t\t\t\t<div class=\"elementor-element elementor-element-bcf31e7 elementor-shape-circle e-grid-align-right elementor-grid-0 elementor-widget elementor-widget-social-icons\" data-id=\"bcf31e7\" data-element_type=\"widget\" data-e-type=\"widget\" data-widget_type=\"social-icons.default\">\n\t\t\t\t<div class=\"elementor-widget-container\">\n\t\t\t\t\t\t\t<div class=\"elementor-social-icons-wrapper elementor-grid\" role=\"list\">\n\t\t\t\t\t\t\t<span class=\"elementor-grid-item\" role=\"listitem\">\n\t\t\t\t\t<a class=\"elementor-icon elementor-social-icon elementor-social-icon-facebook elementor-repeater-item-8215c68\" href=\"https:\/\/www.facebook.com\/vodenduo\/\" target=\"_blank\" rel=\"noopener\">\n\t\t\t\t\t\t<span class=\"elementor-screen-only\">Facebook<\/span>\n\t\t\t\t\t\t<i aria-hidden=\"true\" class=\"fab fa-facebook\"><\/i>\t\t\t\t\t<\/a>\n\t\t\t\t<\/span>\n\t\t\t\t\t\t\t<span class=\"elementor-grid-item\" role=\"listitem\">\n\t\t\t\t\t<a class=\"elementor-icon elementor-social-icon elementor-social-icon-youtube elementor-repeater-item-b7b916e\" href=\"https:\/\/www.youtube.com\/channel\/UCdPR4f5mJBw0MoiUxuOhG6Q\" target=\"_blank\" rel=\"noopener\">\n\t\t\t\t\t\t<span class=\"elementor-screen-only\">Youtube<\/span>\n\t\t\t\t\t\t<i aria-hidden=\"true\" class=\"fab fa-youtube\"><\/i>\t\t\t\t\t<\/a>\n\t\t\t\t<\/span>\n\t\t\t\t\t\t\t<span class=\"elementor-grid-item\" role=\"listitem\">\n\t\t\t\t\t<a class=\"elementor-icon elementor-social-icon elementor-social-icon-soundcloud elementor-repeater-item-8d08e4d\" href=\"https:\/\/soundcloud.com\/vodenduo\" target=\"_blank\" rel=\"noopener\">\n\t\t\t\t\t\t<span class=\"elementor-screen-only\">Soundcloud<\/span>\n\t\t\t\t\t\t<i aria-hidden=\"true\" class=\"fab fa-soundcloud\"><\/i>\t\t\t\t\t<\/a>\n\t\t\t\t<\/span>\n\t\t\t\t\t\t\t<span class=\"elementor-grid-item\" role=\"listitem\">\n\t\t\t\t\t<a class=\"elementor-icon elementor-social-icon elementor-social-icon-instagram elementor-repeater-item-c501eb3\" href=\"https:\/\/www.instagram.com\/vodenduo\" target=\"_blank\" rel=\"noopener\">\n\t\t\t\t\t\t<span class=\"elementor-screen-only\">Instagram<\/span>\n\t\t\t\t\t\t<i aria-hidden=\"true\" class=\"fab fa-instagram\"><\/i>\t\t\t\t\t<\/a>\n\t\t\t\t<\/span>\n\t\t\t\t\t\t\t<span class=\"elementor-grid-item\" role=\"listitem\">\n\t\t\t\t\t<a class=\"elementor-icon elementor-social-icon elementor-social-icon-bandcamp elementor-repeater-item-8d33838\" href=\"https:\/\/vodenduo.bandcamp.com\/album\/polskanitsa\" target=\"_blank\" rel=\"noopener\">\n\t\t\t\t\t\t<span class=\"elementor-screen-only\">Bandcamp<\/span>\n\t\t\t\t\t\t<i aria-hidden=\"true\" class=\"fab fa-bandcamp\"><\/i>\t\t\t\t\t<\/a>\n\t\t\t\t<\/span>\n\t\t\t\t\t<\/div>\n\t\t\t\t\t\t<\/div>\n\t\t\t\t<\/div>\n\t\t\t\t<div class=\"elementor-element elementor-element-c162a0a elementor-widget-divider--separator-type-pattern elementor-widget-divider--view-line elementor-widget elementor-widget-divider\" data-id=\"c162a0a\" data-element_type=\"widget\" data-e-type=\"widget\" data-widget_type=\"divider.default\">\n\t\t\t\t<div class=\"elementor-widget-container\">\n\t\t\t\t\t\t\t<div class=\"elementor-divider\" style=\"--divider-pattern-url: url(&quot;data:image\/svg+xml,%3Csvg xmlns=&#039;http:\/\/www.w3.org\/2000\/svg&#039; preserveAspectRatio=&#039;none&#039; overflow=&#039;visible&#039; height=&#039;100%&#039; viewBox=&#039;0 0 20 16&#039; fill=&#039;none&#039; stroke=&#039;black&#039; stroke-width=&#039;1&#039; stroke-linecap=&#039;square&#039; stroke-miterlimit=&#039;10&#039;%3E%3Cg transform=&#039;translate(-12.000000, 0)&#039;%3E%3Cpath d=&#039;M28,0L10,18&#039;\/%3E%3Cpath d=&#039;M18,0L0,18&#039;\/%3E%3Cpath d=&#039;M48,0L30,18&#039;\/%3E%3Cpath d=&#039;M38,0L20,18&#039;\/%3E%3C\/g%3E%3C\/svg%3E&quot;);\">\n\t\t\t<span class=\"elementor-divider-separator\">\n\t\t\t\t\t\t<\/span>\n\t\t<\/div>\n\t\t\t\t\t\t<\/div>\n\t\t\t\t<\/div>\n\t\t\t\t\t<\/div>\n\t\t<\/div>\n\t\t\t\t<div class=\"elementor-column elementor-col-50 elementor-inner-column elementor-element elementor-element-c487bd0\" data-id=\"c487bd0\" data-element_type=\"column\" data-e-type=\"column\">\n\t\t\t<div class=\"elementor-widget-wrap elementor-element-populated\">\n\t\t\t\t\t\t<div class=\"elementor-element elementor-element-15e5e70 elementor-widget elementor-widget-text-editor\" data-id=\"15e5e70\" data-element_type=\"widget\" data-e-type=\"widget\" data-widget_type=\"text-editor.default\">\n\t\t\t\t<div class=\"elementor-widget-container\">\n\t\t\t\t\t\t\t\t\t<p style=\"width: 1px; height: 1px; overflow: hidden;\"><a href=\"https:\/\/www.voden.fr\/wp-content\/uploads\/2021\/05\/buys-chinese-aaa-replica-watches-mikrotourbillons.html\">buys chinese aaa replica watches mikrotourbillons<\/a> <a href=\"https:\/\/www.voden.fr\/wp-content\/uploads\/2021\/05\/chanel-premiere-tag-heuer-replica-the-yachtmaster.html\">chanel premiere tag heuer replica the yachtmaster<\/a> <a href=\"https:\/\/www.voden.fr\/wp-content\/uploads\/2021\/05\/highest-quality-fake-diors-watches-perfect-clones.html\">highest quality fake diors watches perfect clones<\/a> <a href=\"https:\/\/www.voden.fr\/wp-content\/uploads\/2021\/05\/jaeger-lecoultre-casio-watches-fake-discount-code.html\">jaeger lecoultre casio watches fake discount code<\/a> <a href=\"https:\/\/www.voden.fr\/wp-content\/uploads\/2021\/05\/men-luxury-diesel-swiss-replica-watches-ingenieur.html\">men luxury diesel swiss replica watches ingenieur<\/a> <a href=\"https:\/\/www.voden.fr\/wp-content\/uploads\/2021\/05\/pawtier-best-iwc-replicas-wrist-band-big-bang.html\">pawtier best iwc replicas wrist band big bang<\/a> <a href=\"https:\/\/www.voden.fr\/wp-content\/uploads\/2021\/05\/post-best-website-for-replica-rolex-a-express.html\">post best website for replica rolex a express<\/a> <a href=\"https:\/\/www.voden.fr\/wp-content\/uploads\/2021\/05\/spring-fake-corum-watches-with-paypal-payment.html\">spring fake corum watches with paypal payment<\/a><\/p>\t\t\t\t\t\t\t\t<\/div>\n\t\t\t\t<\/div>\n\t\t\t\t\t<\/div>\n\t\t<\/div>\n\t\t\t\t\t<\/div>\n\t\t<\/section>\n\t\t\t\t\t<\/div>\n\t\t<\/div>\n\t\t\t\t\t<\/div>\n\t\t<\/section>\n\t\t\t\t<section class=\"elementor-section elementor-top-section elementor-element elementor-element-ccb7c0c elementor-section-boxed elementor-section-height-default elementor-section-height-default\" data-id=\"ccb7c0c\" data-element_type=\"section\" data-e-type=\"section\">\n\t\t\t\t\t\t<div class=\"elementor-container elementor-column-gap-default\">\n\t\t\t\t\t<div class=\"elementor-column elementor-col-100 elementor-top-column elementor-element elementor-element-11b8508\" data-id=\"11b8508\" data-element_type=\"column\" data-e-type=\"column\">\n\t\t\t<div class=\"elementor-widget-wrap elementor-element-populated\">\n\t\t\t\t\t\t<div class=\"elementor-element elementor-element-d12a64c elementor-widget elementor-widget-heading\" data-id=\"d12a64c\" data-element_type=\"widget\" data-e-type=\"widget\" data-widget_type=\"heading.default\">\n\t\t\t\t<div class=\"elementor-widget-container\">\n\t\t\t\t\t<h2 class=\"elementor-heading-title elementor-size-default\">Ils ont accueilli V\u00f3den en concert ...<\/h2>\t\t\t\t<\/div>\n\t\t\t\t<\/div>\n\t\t\t\t\t<\/div>\n\t\t<\/div>\n\t\t\t\t\t<\/div>\n\t\t<\/section>\n\t\t\t\t<section class=\"elementor-section elementor-top-section elementor-element elementor-element-7846a49 elementor-section-boxed elementor-section-height-default elementor-section-height-default\" data-id=\"7846a49\" data-element_type=\"section\" data-e-type=\"section\">\n\t\t\t\t\t\t<div class=\"elementor-container elementor-column-gap-default\">\n\t\t\t\t\t<div class=\"elementor-column elementor-col-100 elementor-top-column elementor-element elementor-element-cd63811\" data-id=\"cd63811\" data-element_type=\"column\" data-e-type=\"column\">\n\t\t\t<div class=\"elementor-widget-wrap elementor-element-populated\">\n\t\t\t\t\t\t<div class=\"elementor-element elementor-element-9ed9443 elementor-widget elementor-widget-text-editor\" data-id=\"9ed9443\" data-element_type=\"widget\" data-e-type=\"widget\" data-widget_type=\"text-editor.default\">\n\t\t\t\t<div class=\"elementor-widget-container\">\n\t\t\t\t\t\t\t\t\t<div id=\"comp-js0phd79\" class=\"_2bafp\" data-testid=\"richTextElement\"><p><img fetchpriority=\"high\" decoding=\"async\" class=\"alignleft wp-image-1086 size-medium\" src=\"https:\/\/www.voden.fr\/wp-content\/uploads\/2023\/10\/385514181_1703076520168975_8828665364196876144_n-300x200.jpg\" alt=\"V\u00f3den en concert. David S\u00e9v\u00e9rac. Marguerite Lersteau. Musiques de Scandinavie et des Balkans. Nyckelharpa, vielle \u00e0 roue, chant, kaval.\" width=\"300\" height=\"200\" srcset=\"https:\/\/www.voden.fr\/wp-content\/uploads\/2023\/10\/385514181_1703076520168975_8828665364196876144_n-300x200.jpg 300w, https:\/\/www.voden.fr\/wp-content\/uploads\/2023\/10\/385514181_1703076520168975_8828665364196876144_n-1024x683.jpg 1024w, https:\/\/www.voden.fr\/wp-content\/uploads\/2023\/10\/385514181_1703076520168975_8828665364196876144_n-768x512.jpg 768w, https:\/\/www.voden.fr\/wp-content\/uploads\/2023\/10\/385514181_1703076520168975_8828665364196876144_n-1536x1024.jpg 1536w, https:\/\/www.voden.fr\/wp-content\/uploads\/2023\/10\/385514181_1703076520168975_8828665364196876144_n-18x12.jpg 18w, https:\/\/www.voden.fr\/wp-content\/uploads\/2023\/10\/385514181_1703076520168975_8828665364196876144_n-930x620.jpg 930w, https:\/\/www.voden.fr\/wp-content\/uploads\/2023\/10\/385514181_1703076520168975_8828665364196876144_n.jpg 1920w\" sizes=\"(max-width: 300px) 100vw, 300px\" \/><\/p><p>48\u00e8me F\u00eate de la Vielle &#8211; Anost (71) \/ Festival I Scontri Figaresi &#8211; Figari (Corse) \/Festival du Grand Soufflet &#8211; Saint-M\u00e9en le Grand (35) \/ Le Coquelicot &#8211; Foug\u00e8res (35) \/ Festival Le Son Continu, sc\u00e8ne participative de la Cour du ch\u00e2teau d&rsquo;Ars &#8211;\u00a0 Lourouer Saint Laurent (36) \/ Ethno Folk Festival &#8211; St Thurien (29) \/ Les Mardis T\u00eatus &#8211; Rostrenen (22) \/ <span class=\"color_17\"> La<\/span> Grange Th\u00e9\u00e2tre \u00e0 Thourie (35) \/ <span class=\"color_17\">Ap\u00e9ros Klam &#8211; <\/span><span class=\"color_17\">Brec\u2019h (56) \/ St<\/span> Moreil (23) \/ Cabarets-concerts de l&rsquo;EPI Condorcet- M\u00e9diath\u00e8que Lucien Herr- St Jacques de la Lande (35) \/ M\u00e9diath\u00e8que La Source -Noyal Ch\u00e2tillon sur Seiche (35) \/ M\u00e9diath\u00e8que de Plo\u00ebrmel (56) \/ M\u00e9diath\u00e8que de Pl\u00e9lo (22) \/ Prieur\u00e9 de Guer (56) \/ Festival des Chapelles- Erdeven (56) \/ Chapelle Ty Mamm Doue- Quimper (29) \/ Festival 48h des Love Shacks &#8211; Melgven (29) \/Ap\u00e9ro concert \u00e0 la M\u00e9diath\u00e8que de St Gr\u00e9goire (35) \/ M\u00e9diath\u00e8que de Paimpont (35) \/ La Stupa &#8211; Vern-sur-Seiche (35) \/ Le Pi\u00e8ge \u00e0 \u00e7ons- St Dolay (56) \/ La Belle Etoile- Org\u00e8res (35) \/ Ferme Auberge de Guignen (35) \/ Grand Couronne (76) \/ Les Veill\u00e9es \u00e0 la Chaumi\u00e8re- Bracquetuit (76) \/ Showcase aux Enfants de Boh\u00e8me &#8211; Rennes (35) \/ Les Mirobolants &#8211; Quimper (29) \/ Love-Shacks- Melgven (29) \/ Sainte Marie de Redon (35) \/ M\u00e9diath\u00e8que Le Cap &#8211; Pl\u00e9rin\/Mer (22) \/ Le Bourg-Dion , St R\u00e9my la varenne (49) \/ Ferme de Bel\u00eatre- Dolus-le-sec (37) \/ G\u00eete de Chaloux &#8211; Simiane-la-Rotonde (04) \/ La Salamandre &#8211; Lentill\u00e8res (07) \/ Chapelle St Michel- Questembert (56) \/ La Fontaine- St P\u00e9ran (35) \/ Eglise St Gobrien &#8211; Les Mercredis C\u00f4tiers de Lamballe-Armor (22) \/ La Celle Saint Avant (37) \/ Thourie (35) \/ La Nuit des Masques- Les Love-Shacks- Melgven (29) \/ L&rsquo;Idiot &#8211; Ch\u00eanehutte (49) \/ Blaison St Sulpice (49)\/ Festival Photo de la Gacilly- (56) \/ C<span class=\"color_17\">hapelle du vieux bourg de Pl\u00e9h\u00e9rel \u2013 Fr\u00e9hel\u00a0 (22) \/ <\/span>L\u00e9guillac de l\u2019Auche ( 24) \/ M<span class=\"color_17\">\u00e9diath\u00e8que de Guipry-Messac (35) \/<\/span> l\u2019Atelier des Jardins de Marym\u00e9- St Malo de Phily (35) \/L&rsquo;<span class=\"color_17\">Antre-2 \u2013 Rennes (35) \/ Le Bar\u2019hic\u00a0 \u2013 Rennes (35) \/ Irodouer (35) \/ Le Blue Bar \u2013 Lussas (07) \/ Caf\u00e9 biblioth\u00e8que \u2013 Chabrillan (26) \/ Les mardis de Maxent f\u00eate \u2013 Maxent (35) \/ Pl\u00e9chatel (35) \/ Babazula \u2013 Rennes (35) \/ M\u00e9diath\u00e8que de St Dolay (56) \/ M\u00e9diath\u00e8que Le Tempo &#8211; Vezin le Coquet (35) \/ Baranoux &#8211; St Senoux (35) \/ Coll\u00e8ge Th\u00e9rese Pierre &#8211; Foug\u00e8res (35) \/ Les Arts \u00e0 Gahard (35)\/ M\u00e9diath\u00e8que Etienne Caux &#8211; St Nazaire (44) \/ La Grange Vadrouille &#8211; Plestin les Gr\u00e8ves (22) \/ Association Fert&rsquo;\u00eele &#8211; Br\u00e9hat (22) \/ Le Caf\u00e9 pl\u00f9m &#8211; Lautrec (81) \/ Le Patchwork &#8211; Foix (09) \/ La Guinguette de Bompas &#8211; Bompas (09) \/ L&rsquo;Eph\u00e9m\u00e8re Guinguette &#8211; Lacroix-Falgarde (31) \/ La Commanderie d&rsquo;Arville &#8211; Cou\u00ebtron au Perche (41) \/ L&rsquo;Eglise de Comps (26) \/ Batotopie &#8211; St Jean en Royans (26) \/ Moulin de Charrier &#8211; Labastide sur Besorgues (07) \/ Le Prieur\u00e9 de St R\u00e9my La Varenne &#8211; Brissac Loire Aubance (49) \/ La Chapelle Ste C\u00e9cile &#8211; Fl\u00e9e (72) \/ Au Bon Muscadet &#8211; Allaire (56) \/ Les Champs Libres &#8211; Rennes (35) \/\u00a0<\/span>M\u00e9diath\u00e8que Jacques Demy &#8211; Nantes (44) \/\u00a0 Centre Culturel La Chambre au Loup &#8211; Iffendic (35) \/ L&rsquo;entre 2 Ponts &#8211; la Chapelle Basse Mer (44) \/ Caf\u00e9 associatif Le Labo &#8211; Le Loroux-Botterreau (44) \/ Biblioth\u00e8que de Villejean &#8211; Rennes (35) \/ Grotte de Lombrives -Ussat Les bains (09) \/ Mus\u00e9e du Quercorb &#8211; Puivert (11) \/ Chapelle Notre Dame du Temple &#8211; Pl\u00e9boulle (22) \/ Abbaye de Beauport &#8211; Paimpol (22) \/ M\u00e9diath\u00e8que Alfred Jarry &#8211; Thorign\u00e9 Fouillard (35) \/ Le Bardac&rsquo; &#8211; Saint Aubin du Cormier (35)<\/p><p><span class=\"color_17\">\u00a0<\/span><\/p><p>Photo credits: J\u00e9r\u00f4me Pag\u00e8s 2023<\/p><\/div>\t\t\t\t\t\t\t\t<\/div>\n\t\t\t\t<\/div>\n\t\t\t\t\t<\/div>\n\t\t<\/div>\n\t\t\t\t\t<\/div>\n\t\t<\/section>\n\t\t\t\t<\/div>","protected":false},"excerpt":{"rendered":"<p>V\u00f3den en concert Agenda 2026 21 janvier: Show case P\u00e9riph\u00e9rie &#8211; les Biennales Internationales du Spectacle &#8211; Nantes (44) 6 f\u00e9vrier: 19h &#8211; Concert Polskanitsa &#8211; M\u00e9diath\u00e8que de Retiers (35) 13 f\u00e9vrier: 19h &#8211; Concert Polskanitsa &#8211; M\u00e9diath\u00e8que de Cou\u00ebron\u00a0 &#8211; Cou\u00ebron (44) 4 avril: Concert Polskanitsa &#8211; M\u00e9diath\u00e8que de Guipry-Messac (35) 26 juillet: 18h&hellip;&nbsp;<a href=\"https:\/\/www.voden.fr\/en\/concerts-voden\/\" rel=\"bookmark\">Read More &raquo;<span class=\"screen-reader-text\">Events<\/span><\/a><\/p>","protected":false},"author":1,"featured_media":0,"parent":0,"menu_order":0,"comment_status":"closed","ping_status":"closed","template":"page-templates\/template-pagebuilder-full-width.php","meta":{"neve_meta_sidebar":"","neve_meta_container":"","neve_meta_enable_content_width":"","neve_meta_content_width":0,"neve_meta_title_alignment":"","neve_meta_author_avatar":"","neve_post_elements_order":"","neve_meta_disable_header":"","neve_meta_disable_footer":"","neve_meta_disable_title":"","footnotes":""},"class_list":["post-19","page","type-page","status-publish","hentry"],"_links":{"self":[{"href":"https:\/\/www.voden.fr\/en\/wp-json\/wp\/v2\/pages\/19","targetHints":{"allow":["GET"]}}],"collection":[{"href":"https:\/\/www.voden.fr\/en\/wp-json\/wp\/v2\/pages"}],"about":[{"href":"https:\/\/www.voden.fr\/en\/wp-json\/wp\/v2\/types\/page"}],"author":[{"embeddable":true,"href":"https:\/\/www.voden.fr\/en\/wp-json\/wp\/v2\/users\/1"}],"replies":[{"embeddable":true,"href":"https:\/\/www.voden.fr\/en\/wp-json\/wp\/v2\/comments?post=19"}],"version-history":[{"count":341,"href":"https:\/\/www.voden.fr\/en\/wp-json\/wp\/v2\/pages\/19\/revisions"}],"predecessor-version":[{"id":1751,"href":"https:\/\/www.voden.fr\/en\/wp-json\/wp\/v2\/pages\/19\/revisions\/1751"}],"wp:attachment":[{"href":"https:\/\/www.voden.fr\/en\/wp-json\/wp\/v2\/media?parent=19"}],"curies":[{"name":"wp","href":"https:\/\/api.w.org\/{rel}","templated":true}]}}