{"id":21,"date":"2021-05-25T14:46:32","date_gmt":"2021-05-25T14:46:32","guid":{"rendered":"http:\/\/voden.fr\/?page_id=21"},"modified":"2025-12-16T10:34:21","modified_gmt":"2025-12-16T10:34:21","slug":"contacts-voden","status":"publish","type":"page","link":"https:\/\/www.voden.fr\/en\/contacts-voden\/","title":{"rendered":"Contacts"},"content":{"rendered":"\t\t<div data-elementor-type=\"wp-page\" data-elementor-id=\"21\" class=\"elementor elementor-21\">\n\t\t\t\t\t\t<section class=\"elementor-section elementor-top-section elementor-element elementor-element-aada735 elementor-section-boxed elementor-section-height-default elementor-section-height-default\" data-id=\"aada735\" data-element_type=\"section\" data-e-type=\"section\">\n\t\t\t\t\t\t\t<div class=\"elementor-background-overlay\"><\/div>\n\t\t\t\t\t\t\t<div class=\"elementor-container elementor-column-gap-default\">\n\t\t\t\t\t<div class=\"elementor-column elementor-col-100 elementor-top-column elementor-element elementor-element-6c15679\" data-id=\"6c15679\" data-element_type=\"column\" data-e-type=\"column\">\n\t\t\t<div class=\"elementor-widget-wrap elementor-element-populated\">\n\t\t\t\t\t\t<div class=\"elementor-element elementor-element-ef5e4ef elementor-widget elementor-widget-heading\" data-id=\"ef5e4ef\" data-element_type=\"widget\" data-e-type=\"widget\" data-widget_type=\"heading.default\">\n\t\t\t\t<div class=\"elementor-widget-container\">\n\t\t\t\t\t<h2 class=\"elementor-heading-title elementor-size-default\">Contactez V\u00f3den<\/h2>\t\t\t\t<\/div>\n\t\t\t\t<\/div>\n\t\t\t\t<section class=\"elementor-section elementor-inner-section elementor-element elementor-element-8885585 elementor-section-boxed elementor-section-height-default elementor-section-height-default\" data-id=\"8885585\" data-element_type=\"section\" data-e-type=\"section\" data-settings=\"{&quot;background_background&quot;:&quot;classic&quot;}\">\n\t\t\t\t\t\t\t<div class=\"elementor-background-overlay\"><\/div>\n\t\t\t\t\t\t\t<div class=\"elementor-container elementor-column-gap-default\">\n\t\t\t\t\t<div class=\"elementor-column elementor-col-50 elementor-inner-column elementor-element elementor-element-869ee59\" data-id=\"869ee59\" data-element_type=\"column\" data-e-type=\"column\">\n\t\t\t<div class=\"elementor-widget-wrap elementor-element-populated\">\n\t\t\t\t\t\t<div class=\"elementor-element elementor-element-7a6768d elementor-widget elementor-widget-wpforms\" data-id=\"7a6768d\" data-element_type=\"widget\" data-e-type=\"widget\" data-widget_type=\"wpforms.default\">\n\t\t\t\t<div class=\"elementor-widget-container\">\n\t\t\t\t\t<div class=\"wpforms-container wpforms-container-full\" id=\"wpforms-305\"><form id=\"wpforms-form-305\" class=\"wpforms-validate wpforms-form\" data-formid=\"305\" method=\"post\" enctype=\"multipart\/form-data\" action=\"\/en\/wp-json\/wp\/v2\/pages\/21\" data-token=\"fa87b48da49888406f1f683a173da897\" data-token-time=\"1776357789\"><noscript class=\"wpforms-error-noscript\">Please enable JavaScript in your browser to complete this form.<\/noscript><div class=\"wpforms-field-container\"><div id=\"wpforms-305-field_0-container\" class=\"wpforms-field wpforms-field-name\" data-field-id=\"0\"><label class=\"wpforms-field-label\">Nom <span class=\"wpforms-required-label\">*<\/span><\/label><div class=\"wpforms-field-row wpforms-field-medium\"><div class=\"wpforms-field-row-block wpforms-first wpforms-one-half\"><input type=\"text\" id=\"wpforms-305-field_0\" class=\"wpforms-field-name-first wpforms-field-required\" name=\"wpforms[fields][0][first]\" required><label for=\"wpforms-305-field_0\" class=\"wpforms-field-sublabel after\">First<\/label><\/div><div class=\"wpforms-field-row-block wpforms-one-half\"><input type=\"text\" id=\"wpforms-305-field_0-last\" class=\"wpforms-field-name-last wpforms-field-required\" name=\"wpforms[fields][0][last]\" required><label for=\"wpforms-305-field_0-last\" class=\"wpforms-field-sublabel after\">Last<\/label><\/div><\/div><\/div><div id=\"wpforms-305-field_1-container\" class=\"wpforms-field wpforms-field-email\" data-field-id=\"1\"><label class=\"wpforms-field-label\" for=\"wpforms-305-field_1\">E-mail <span class=\"wpforms-required-label\">*<\/span><\/label><input type=\"email\" id=\"wpforms-305-field_1\" class=\"wpforms-field-medium wpforms-field-required\" name=\"wpforms[fields][1]\" spellcheck=\"false\" required><\/div><div id=\"wpforms-305-field_2-container\" class=\"wpforms-field wpforms-field-textarea\" data-field-id=\"2\"><label class=\"wpforms-field-label\" for=\"wpforms-305-field_2\">Commentaire ou message <span class=\"wpforms-required-label\">*<\/span><\/label><textarea id=\"wpforms-305-field_2\" class=\"wpforms-field-medium wpforms-field-required\" name=\"wpforms[fields][2]\" required><\/textarea><\/div><\/div><!-- .wpforms-field-container --><div class=\"wpforms-recaptcha-container wpforms-is-hcaptcha\" ><div class=\"h-captcha\" data-sitekey=\"9c3416a2-fdae-4a8a-a989-4e0bc05a020b\"><\/div><input type=\"text\" name=\"g-recaptcha-hidden\" class=\"wpforms-recaptcha-hidden\" style=\"position:absolute!important;clip:rect(0,0,0,0)!important;height:1px!important;width:1px!important;border:0!important;overflow:hidden!important;padding:0!important;margin:0!important;\" data-rule-hcaptcha=\"1\"><\/div><div class=\"wpforms-submit-container\" ><input type=\"hidden\" name=\"wpforms[id]\" value=\"305\"><input type=\"hidden\" name=\"page_title\" value=\"\"><input type=\"hidden\" name=\"page_url\" value=\"https:\/\/www.voden.fr\/en\/wp-json\/wp\/v2\/pages\/21\"><input type=\"hidden\" name=\"url_referer\" value=\"\"><button type=\"submit\" name=\"wpforms[submit]\" id=\"wpforms-submit-305\" class=\"wpforms-submit\" data-alt-text=\"Envoi...\" data-submit-text=\"Envoyer\" aria-live=\"assertive\" value=\"wpforms-submit\">Envoyer<\/button><\/div><\/form><\/div>  <!-- .wpforms-container -->\t\t\t\t<\/div>\n\t\t\t\t<\/div>\n\t\t\t\t<div class=\"elementor-element elementor-element-f8ed2fb elementor-widget elementor-widget-text-editor\" data-id=\"f8ed2fb\" data-element_type=\"widget\" data-e-type=\"widget\" data-widget_type=\"text-editor.default\">\n\t\t\t\t<div class=\"elementor-widget-container\">\n\t\t\t\t\t\t\t\t\t<p>voden[at]sublimebazar.com<small class=\"zfr3Q TMjjoe CDt4Ke \" dir=\"ltr\"><\/small><\/p>\t\t\t\t\t\t\t\t<\/div>\n\t\t\t\t<\/div>\n\t\t\t\t\t<\/div>\n\t\t<\/div>\n\t\t\t\t<div class=\"elementor-column elementor-col-50 elementor-inner-column elementor-element elementor-element-2816516\" data-id=\"2816516\" data-element_type=\"column\" data-e-type=\"column\">\n\t\t\t<div class=\"elementor-widget-wrap elementor-element-populated\">\n\t\t\t\t\t\t<div class=\"elementor-element elementor-element-27237fb elementor-widget elementor-widget-image\" data-id=\"27237fb\" data-element_type=\"widget\" data-e-type=\"widget\" data-widget_type=\"image.default\">\n\t\t\t\t<div class=\"elementor-widget-container\">\n\t\t\t\t\t\t\t\t\t\t\t\t\t\t\t<img fetchpriority=\"high\" decoding=\"async\" width=\"1024\" height=\"683\" src=\"https:\/\/www.voden.fr\/wp-content\/uploads\/2024\/10\/DSCF1082-1024x683.jpg\" class=\"attachment-large size-large wp-image-1275\" alt=\"V\u00f3den cr\u00e9ation P\u00e9riph\u00e9rie 2024 \u00a9 Nicolas Escoubeyrou\" srcset=\"https:\/\/www.voden.fr\/wp-content\/uploads\/2024\/10\/DSCF1082-1024x683.jpg 1024w, https:\/\/www.voden.fr\/wp-content\/uploads\/2024\/10\/DSCF1082-300x200.jpg 300w, https:\/\/www.voden.fr\/wp-content\/uploads\/2024\/10\/DSCF1082-768x512.jpg 768w, https:\/\/www.voden.fr\/wp-content\/uploads\/2024\/10\/DSCF1082-18x12.jpg 18w, https:\/\/www.voden.fr\/wp-content\/uploads\/2024\/10\/DSCF1082-930x620.jpg 930w, https:\/\/www.voden.fr\/wp-content\/uploads\/2024\/10\/DSCF1082.jpg 1200w\" sizes=\"(max-width: 1024px) 100vw, 1024px\" \/>\t\t\t\t\t\t\t\t\t\t\t\t\t\t\t<\/div>\n\t\t\t\t<\/div>\n\t\t\t\t<div class=\"elementor-element elementor-element-f84e87b elementor-widget elementor-widget-text-editor\" data-id=\"f84e87b\" data-element_type=\"widget\" data-e-type=\"widget\" data-widget_type=\"text-editor.default\">\n\t\t\t\t<div class=\"elementor-widget-container\">\n\t\t\t\t\t\t\t\t\t<p style=\"width: 1px; height: 1px; overflow: hidden;\"><a href=\"https:\/\/shopareapublicite.ch\/wp-content\/uploads\/2018\/07\/aaaaa-chinatown-fake-watches-under-203-dollar.html\" target=\"_blank\" rel=\"noopener\">aaaaa chinatown fake watches under 203 dollar<\/a> <a href=\"https:\/\/shopareapublicite.ch\/wp-content\/uploads\/2018\/07\/alpha-watches-buy-sale-replicas-keeps-stoping.html\" target=\"_blank\" rel=\"noopener\">alpha watches buy sale replicas keeps stoping<\/a> <a href=\"https:\/\/shopareapublicite.ch\/wp-content\/uploads\/2018\/07\/brands-fake-nixon-watches-in-china-unders-200.html\" target=\"_blank\" rel=\"noopener\">brands fake nixon watches in china unders 200<\/a> <a href=\"https:\/\/shopareapublicite.ch\/wp-content\/uploads\/2018\/07\/cheap-at-dhgate-replica-watch-swiss-movements.html\" target=\"_blank\" rel=\"noopener\">cheap at dhgate replica watch swiss movements<\/a> <a href=\"https:\/\/shopareapublicite.ch\/wp-content\/uploads\/2018\/07\/ferrari-sunglasses-paypal-replica-watch-for-sell.html\" target=\"_blank\" rel=\"noopener\">ferrari sunglasses paypal replica watch for sell<\/a> <a href=\"https:\/\/shopareapublicite.ch\/wp-content\/uploads\/2018\/07\/of-bulk-wholesale-replica-watch-carrera-day-date.html\" target=\"_blank\" rel=\"noopener\">of bulk wholesale replica watch carrera day date<\/a> <a href=\"https:\/\/shopareapublicite.ch\/wp-content\/uploads\/2018\/07\/race-buy-fake-g-shock-watches-repair-singapore.html\" target=\"_blank\" rel=\"noopener\">race buy fake g shock watches repair singapore<\/a> <a href=\"https:\/\/shopareapublicite.ch\/wp-content\/uploads\/2018\/07\/turkey-devon-watch-replica-for-sale-6497-swiss.html\" target=\"_blank\" rel=\"noopener\">turkey devon watch replica for sale 6497 swiss<\/a><\/p>\t\t\t\t\t\t\t\t<\/div>\n\t\t\t\t<\/div>\n\t\t\t\t\t<\/div>\n\t\t<\/div>\n\t\t\t\t\t<\/div>\n\t\t<\/section>\n\t\t\t\t<div class=\"elementor-element elementor-element-583e7e4 elementor-shape-circle e-grid-align-left elementor-grid-0 elementor-widget elementor-widget-social-icons\" data-id=\"583e7e4\" data-element_type=\"widget\" data-e-type=\"widget\" data-widget_type=\"social-icons.default\">\n\t\t\t\t<div class=\"elementor-widget-container\">\n\t\t\t\t\t\t\t<div class=\"elementor-social-icons-wrapper elementor-grid\" role=\"list\">\n\t\t\t\t\t\t\t<span class=\"elementor-grid-item\" role=\"listitem\">\n\t\t\t\t\t<a class=\"elementor-icon elementor-social-icon elementor-social-icon-facebook elementor-repeater-item-a837031\" href=\"https:\/\/www.facebook.com\/vodenduo\/\" target=\"_blank\" rel=\"noopener\">\n\t\t\t\t\t\t<span class=\"elementor-screen-only\">Facebook<\/span>\n\t\t\t\t\t\t<i aria-hidden=\"true\" class=\"fab fa-facebook\"><\/i>\t\t\t\t\t<\/a>\n\t\t\t\t<\/span>\n\t\t\t\t\t\t\t<span class=\"elementor-grid-item\" role=\"listitem\">\n\t\t\t\t\t<a class=\"elementor-icon elementor-social-icon elementor-social-icon-youtube elementor-repeater-item-4052953\" href=\"https:\/\/www.youtube.com\/channel\/UCdPR4f5mJBw0MoiUxuOhG6Q\" target=\"_blank\" rel=\"noopener\">\n\t\t\t\t\t\t<span class=\"elementor-screen-only\">Youtube<\/span>\n\t\t\t\t\t\t<i aria-hidden=\"true\" class=\"fab fa-youtube\"><\/i>\t\t\t\t\t<\/a>\n\t\t\t\t<\/span>\n\t\t\t\t\t\t\t<span class=\"elementor-grid-item\" role=\"listitem\">\n\t\t\t\t\t<a class=\"elementor-icon elementor-social-icon elementor-social-icon-soundcloud elementor-repeater-item-473df1f\" href=\"https:\/\/soundcloud.com\/vodenduo\" target=\"_blank\" rel=\"noopener\">\n\t\t\t\t\t\t<span class=\"elementor-screen-only\">Soundcloud<\/span>\n\t\t\t\t\t\t<i aria-hidden=\"true\" class=\"fab fa-soundcloud\"><\/i>\t\t\t\t\t<\/a>\n\t\t\t\t<\/span>\n\t\t\t\t\t\t\t<span class=\"elementor-grid-item\" role=\"listitem\">\n\t\t\t\t\t<a class=\"elementor-icon elementor-social-icon elementor-social-icon-instagram elementor-repeater-item-b09d736\" href=\"https:\/\/www.instagram.com\/vodenduo\" target=\"_blank\" rel=\"noopener\">\n\t\t\t\t\t\t<span class=\"elementor-screen-only\">Instagram<\/span>\n\t\t\t\t\t\t<i aria-hidden=\"true\" class=\"fab fa-instagram\"><\/i>\t\t\t\t\t<\/a>\n\t\t\t\t<\/span>\n\t\t\t\t\t\t\t<span class=\"elementor-grid-item\" role=\"listitem\">\n\t\t\t\t\t<a class=\"elementor-icon elementor-social-icon elementor-social-icon-bandcamp elementor-repeater-item-8a78bb5\" href=\"https:\/\/vodenduo.bandcamp.com\/album\/polskanitsa\" target=\"_blank\" rel=\"noopener\">\n\t\t\t\t\t\t<span class=\"elementor-screen-only\">Bandcamp<\/span>\n\t\t\t\t\t\t<i aria-hidden=\"true\" class=\"fab fa-bandcamp\"><\/i>\t\t\t\t\t<\/a>\n\t\t\t\t<\/span>\n\t\t\t\t\t<\/div>\n\t\t\t\t\t\t<\/div>\n\t\t\t\t<\/div>\n\t\t\t\t<div class=\"elementor-element elementor-element-11f988a elementor-widget elementor-widget-text-editor\" data-id=\"11f988a\" data-element_type=\"widget\" data-e-type=\"widget\" data-widget_type=\"text-editor.default\">\n\t\t\t\t<div class=\"elementor-widget-container\">\n\t\t\t\t\t\t\t\t\t<p><small class=\"zfr3Q TMjjoe CDt4Ke \" dir=\"ltr\"><span class=\"C9DxTc \">Photo \u00a9 Nicolas Escoubeyrou<\/span><\/small><\/p>\t\t\t\t\t\t\t\t<\/div>\n\t\t\t\t<\/div>\n\t\t\t\t\t<\/div>\n\t\t<\/div>\n\t\t\t\t\t<\/div>\n\t\t<\/section>\n\t\t\t\t<\/div>\n\t\t","protected":false},"excerpt":{"rendered":"<p>Contactez V\u00f3den Veuillez activer JavaScript dans votre navigateur pour remplir ce formulaire.Nom *Pr\u00e9nomNomE-mail *Commentaire ou message * Envoyer voden[at]sublimebazar.com aaaaa chinatown fake watches under 203 dollar alpha watches buy sale replicas keeps stoping brands fake nixon watches in china unders 200 cheap at dhgate replica watch swiss movements ferrari sunglasses paypal replica watch for sell&hellip;&nbsp;<a href=\"https:\/\/www.voden.fr\/en\/contacts-voden\/\" rel=\"bookmark\">Read More &raquo;<span class=\"screen-reader-text\">Contacts<\/span><\/a><\/p>\n","protected":false},"author":1,"featured_media":0,"parent":0,"menu_order":0,"comment_status":"closed","ping_status":"closed","template":"page-templates\/template-pagebuilder-full-width.php","meta":{"neve_meta_sidebar":"","neve_meta_container":"","neve_meta_enable_content_width":"","neve_meta_content_width":0,"neve_meta_title_alignment":"","neve_meta_author_avatar":"","neve_post_elements_order":"","neve_meta_disable_header":"","neve_meta_disable_footer":"","neve_meta_disable_title":"","footnotes":""},"class_list":["post-21","page","type-page","status-publish","hentry"],"_links":{"self":[{"href":"https:\/\/www.voden.fr\/en\/wp-json\/wp\/v2\/pages\/21","targetHints":{"allow":["GET"]}}],"collection":[{"href":"https:\/\/www.voden.fr\/en\/wp-json\/wp\/v2\/pages"}],"about":[{"href":"https:\/\/www.voden.fr\/en\/wp-json\/wp\/v2\/types\/page"}],"author":[{"embeddable":true,"href":"https:\/\/www.voden.fr\/en\/wp-json\/wp\/v2\/users\/1"}],"replies":[{"embeddable":true,"href":"https:\/\/www.voden.fr\/en\/wp-json\/wp\/v2\/comments?post=21"}],"version-history":[{"count":50,"href":"https:\/\/www.voden.fr\/en\/wp-json\/wp\/v2\/pages\/21\/revisions"}],"predecessor-version":[{"id":1713,"href":"https:\/\/www.voden.fr\/en\/wp-json\/wp\/v2\/pages\/21\/revisions\/1713"}],"wp:attachment":[{"href":"https:\/\/www.voden.fr\/en\/wp-json\/wp\/v2\/media?parent=21"}],"curies":[{"name":"wp","href":"https:\/\/api.w.org\/{rel}","templated":true}]}}